{"id":90,"date":"2023-12-01T20:08:14","date_gmt":"2023-12-01T20:08:14","guid":{"rendered":"https:\/\/vkstudio.hu\/?page_id=90"},"modified":"2023-12-19T11:22:33","modified_gmt":"2023-12-19T11:22:33","slug":"studio","status":"publish","type":"page","link":"https:\/\/vkstudio.hu\/?page_id=90","title":{"rendered":"Studio"},"content":{"rendered":"<p>[et_pb_section fb_built=&#8221;1&#8243; _builder_version=&#8221;4.23.1&#8243; _module_preset=&#8221;default&#8221; min_height=&#8221;231.6px&#8221; custom_margin=&#8221;20px||-100px||false|false&#8221; custom_padding=&#8221;||||true|false&#8221; locked=&#8221;off&#8221; collapsed=&#8221;on&#8221; global_colors_info=&#8221;{}&#8221;][et_pb_row _builder_version=&#8221;4.23.1&#8243; _module_preset=&#8221;default&#8221; min_height=&#8221;92.8px&#8221; global_colors_info=&#8221;{}&#8221;][et_pb_column type=&#8221;4_4&#8243; _builder_version=&#8221;4.23.1&#8243; _module_preset=&#8221;default&#8221; global_colors_info=&#8221;{}&#8221;][et_pb_text _builder_version=&#8221;4.23.1&#8243; _module_preset=&#8221;default&#8221; text_font=&#8221;Poppins||||||||&#8221; text_text_color=&#8221;#000000&#8243; header_font=&#8221;Poppins||||||||&#8221; custom_margin=&#8221;||-14px|||&#8221; global_colors_info=&#8221;{}&#8221;]<\/p>\n<h3 style=\"text-align: center;\"><strong>VK STUDIO <\/strong><\/h3>\n<p style=\"text-align: center;\">t\u00e1j\u00e9p\u00edt\u00e9szet | term\u00e9szet | \u00f6kol\u00f3gia<\/p>\n<p>[\/et_pb_text][\/et_pb_column][\/et_pb_row][et_pb_row _builder_version=&#8221;4.23.1&#8243; _module_preset=&#8221;default&#8221; min_height=&#8221;0.8px&#8221; custom_padding=&#8221;||0px|||&#8221; global_colors_info=&#8221;{}&#8221;][et_pb_column type=&#8221;4_4&#8243; _builder_version=&#8221;4.23.1&#8243; _module_preset=&#8221;default&#8221; global_colors_info=&#8221;{}&#8221;][et_pb_text _builder_version=&#8221;4.23.1&#8243; _module_preset=&#8221;default&#8221; text_font=&#8221;Poppins||||||||&#8221; text_text_color=&#8221;#B3B3B3&#8243; header_font=&#8221;Poppins||||||||&#8221; custom_margin=&#8221;-30px|||||&#8221; animation_style=&#8221;fade&#8221; link_option_url=&#8221;https:\/\/vkstudio.hu\/&#8221; hover_enabled=&#8221;0&#8243; global_colors_info=&#8221;{}&#8221; sticky_enabled=&#8221;0&#8243;]<\/p>\n<p style=\"text-align: center;\"><strong>projects<\/strong><\/p>\n<p style=\"text-align: center;\"><strong><\/strong><\/p>\n<p style=\"text-align: center;\"><strong><\/strong><\/p>\n<p>[\/et_pb_text][\/et_pb_column][\/et_pb_row][et_pb_row use_custom_gutter=&#8221;on&#8221; gutter_width=&#8221;1&#8243; make_equal=&#8221;on&#8221; _builder_version=&#8221;4.23.1&#8243; _module_preset=&#8221;default&#8221; global_colors_info=&#8221;{}&#8221;][et_pb_column type=&#8221;4_4&#8243; _builder_version=&#8221;4.23.1&#8243; _module_preset=&#8221;default&#8221; global_colors_info=&#8221;{}&#8221;][et_pb_gallery gallery_ids=&#8221;36,35&#8243; show_title_and_caption=&#8221;off&#8221; show_pagination=&#8221;off&#8221; module_class=&#8221;disable-lightbox&#8221; _builder_version=&#8221;4.23.1&#8243; _module_preset=&#8221;default&#8221; position_origin_a=&#8221;top_right&#8221; width=&#8221;100%&#8221; custom_margin=&#8221;|||0px|false|false&#8221; custom_padding=&#8221;8px|0px||0px|false|false&#8221; animation_style=&#8221;fade&#8221; animation_duration=&#8221;1200ms&#8221; hover_enabled=&#8221;0&#8243; custom_css_free_form=&#8221;||.et_pb_gallery_items {||  display: -webkit-box;||  display: -webkit-flex;||  display: -moz-box;||  display: -ms-flexbox;||  display: flex;||  -webkit-justify-content: center;||  justify-content: center;||  -webkit-flex-wrap: wrap;||  flex-wrap: wrap;||}||||.disable-lightbox a {||pointer-events: none;||}|| ||.disable-lightbox .et_overlay {||display: none !important;||}&#8221; border_width_all_image=&#8221;5px&#8221; border_color_all_image=&#8221;#FFFFFF&#8221; global_colors_info=&#8221;{}&#8221; sticky_enabled=&#8221;0&#8243;][\/et_pb_gallery][\/et_pb_column][\/et_pb_row][\/et_pb_section][et_pb_section fb_built=&#8221;1&#8243; _builder_version=&#8221;4.23.1&#8243; _module_preset=&#8221;default&#8221; min_height=&#8221;206.8px&#8221; custom_padding=&#8221;210px||54px|||&#8221; collapsed=&#8221;off&#8221; global_colors_info=&#8221;{}&#8221;][et_pb_row _builder_version=&#8221;4.23.1&#8243; _module_preset=&#8221;default&#8221; global_colors_info=&#8221;{}&#8221;][et_pb_column type=&#8221;4_4&#8243; _builder_version=&#8221;4.23.1&#8243; _module_preset=&#8221;default&#8221; global_colors_info=&#8221;{}&#8221;][et_pb_text _builder_version=&#8221;4.23.1&#8243; _module_preset=&#8221;default&#8221; text_font=&#8221;Poppins||||||||&#8221; text_text_color=&#8221;#6B6B6B&#8221; header_font=&#8221;Poppins||||||||&#8221; custom_margin=&#8221;101px|||||&#8221; global_colors_info=&#8221;{}&#8221;]<\/p>\n<p style=\"text-align: center;\"><strong><\/strong><\/p>\n<p style=\"text-align: center;\"><strong><\/strong><\/p>\n<p style=\"text-align: center;\"><strong>VK Studio<\/strong><\/p>\n<p style=\"text-align: center;\"><strong>Varga Tibor<\/strong> | <a href=\"mailto:tvarga@vkstudio.hu\">tvarga@vkstudio.hu<\/a><\/p>\n<p style=\"text-align: center;\"><strong>Varga-Kiss Blanka<\/strong> | <a href=\"mailto:bkiss@vkstudio.hu\">bkiss@vkstudio.hu<\/a><\/p>\n<p style=\"text-align: center;\">\u00a0 \u200b<\/p>\n<p style=\"text-align: center;\">2092, Budakeszi<\/p>\n<p style=\"text-align: center;\">Gall utca 32.<\/p>\n<p style=\"text-align: center;\">\n<p style=\"text-align: center;\">[\/et_pb_text][\/et_pb_column][\/et_pb_row][et_pb_row _builder_version=&#8221;4.23.1&#8243; _module_preset=&#8221;default&#8221; global_colors_info=&#8221;{}&#8221;][et_pb_column type=&#8221;4_4&#8243; _builder_version=&#8221;4.23.1&#8243; _module_preset=&#8221;default&#8221; global_colors_info=&#8221;{}&#8221;][et_pb_text _builder_version=&#8221;4.23.1&#8243; _module_preset=&#8221;default&#8221; link_option_url=&#8221;https:\/\/www.instagram.com\/vkstudio_la\/&#8221; global_colors_info=&#8221;{}&#8221;]<\/p>\n<p><img loading=\"lazy\" decoding=\"async\" src=\"https:\/\/freepngimg.com\/save\/62837-instagram-icons-photography-computer-logo-icon\/512x512\" alt=\"Download Instagram Icons Photography Computer Logo Icon HQ PNG Image |  FreePNGImg\" width=\"36\" height=\"32\" style=\"display: block; margin-left: auto; margin-right: auto;\" \/><\/p>\n<p>&nbsp;<\/p>\n<p>&nbsp;<\/p>\n<p>[\/et_pb_text][\/et_pb_column][\/et_pb_row][\/et_pb_section]<\/p>\n","protected":false},"excerpt":{"rendered":"<p>VK STUDIO t\u00e1j\u00e9p\u00edt\u00e9szet | term\u00e9szet | \u00f6kol\u00f3giaprojects VK Studio Varga Tibor | tvarga@vkstudio.hu Varga-Kiss Blanka | bkiss@vkstudio.hu \u00a0 \u200b 2092, Budakeszi Gall utca 32. &nbsp; &nbsp;<\/p>\n","protected":false},"author":1,"featured_media":0,"parent":0,"menu_order":0,"comment_status":"closed","ping_status":"closed","template":"","meta":{"_et_pb_use_builder":"on","_et_pb_old_content":"","_et_gb_content_width":"","footnotes":""},"class_list":["post-90","page","type-page","status-publish","hentry"],"_links":{"self":[{"href":"https:\/\/vkstudio.hu\/index.php?rest_route=\/wp\/v2\/pages\/90","targetHints":{"allow":["GET"]}}],"collection":[{"href":"https:\/\/vkstudio.hu\/index.php?rest_route=\/wp\/v2\/pages"}],"about":[{"href":"https:\/\/vkstudio.hu\/index.php?rest_route=\/wp\/v2\/types\/page"}],"author":[{"embeddable":true,"href":"https:\/\/vkstudio.hu\/index.php?rest_route=\/wp\/v2\/users\/1"}],"replies":[{"embeddable":true,"href":"https:\/\/vkstudio.hu\/index.php?rest_route=%2Fwp%2Fv2%2Fcomments&post=90"}],"version-history":[{"count":19,"href":"https:\/\/vkstudio.hu\/index.php?rest_route=\/wp\/v2\/pages\/90\/revisions"}],"predecessor-version":[{"id":508,"href":"https:\/\/vkstudio.hu\/index.php?rest_route=\/wp\/v2\/pages\/90\/revisions\/508"}],"wp:attachment":[{"href":"https:\/\/vkstudio.hu\/index.php?rest_route=%2Fwp%2Fv2%2Fmedia&parent=90"}],"curies":[{"name":"wp","href":"https:\/\/api.w.org\/{rel}","templated":true}]}}